{"id":1230,"date":"2014-11-16T21:27:08","date_gmt":"2014-11-16T19:27:08","guid":{"rendered":"http:\/\/www.ceramic4you.com\/wp\/?page_id=1230"},"modified":"2021-01-28T19:03:16","modified_gmt":"2021-01-28T18:03:16","slug":"versand-informationen","status":"publish","type":"page","link":"https:\/\/www.ceramic4you.com\/wp\/shop\/versand-informationen\/","title":{"rendered":"Versand &#038; Informationen"},"content":{"rendered":"<div  class='flex_column av-5pnkq6-e37860afe247c87c9da21beefc51a533 av_one_fourth  avia-builder-el-0  el_before_av_one_half  avia-builder-el-first  first flex_column_div  '     ><\/div>\n<div  class='flex_column av-3osbzy-ef360b1121611815abdddeaf2d6a9698 av_one_half  avia-builder-el-1  el_after_av_one_fourth  avia-builder-el-last  flex_column_div  '     ><section  class='av_textblock_section av-2vgb0u-a448491c288e84057db2feeaa045c05d '   itemscope=\"itemscope\" itemtype=\"https:\/\/schema.org\/CreativeWork\" ><div class='avia_textblock'  itemprop=\"text\" ><p><strong>Informationen<\/strong><\/p>\n<p>Alle Keramikst\u00fccke sind von Georg Niemann handgefertigt und werden einer eingehenden Qualit\u00e4tspr\u00fcfung unterzogen. Durch die h\u00e4ndische Herstellung der Einzelst\u00fccke kommt es zu geringf\u00fcgigen Abweichungen der Form und der Abmessungen. Ebenso k\u00f6nnen Farbe und Krakelee (Rissnetz) durch die nat\u00fcrlichen Brennmethoden sich vom Foto unterscheiden. Wenn Sie vor dem Kauf ein Foto vom Original haben wollen, senden Sie mir bitte ein eMail <a href=\"mailto:niemann@ceramic4you.com\">niemann@ceramic4you.com<\/a>\u00a0mit Bezeichnung\u00a0des gew\u00fcnschten Produktes\u00a0\u00a0und dem Betreff: Foto.<\/p>\n<p><strong>Versand<\/strong><\/p>\n<p>Der Versand erfolgt sp\u00e4testens zwei Tage nach Eingang Ihrer Zahlung (ausgenommen Sonn- und Feiertage). Die Keramiken werden \u00e4u\u00dferst gut und immer doppelt verpackt. Versendet wird \u00a0fast immer mit\u00a0\u00a0Hermes Logistik GmbH &amp; Co KG. Der Inhalt ist auf \u20ac 500,- versichert. Sollte Ihnen das Paket bei der \u00dcbernahme besch\u00e4digt erscheinen, \u00f6ffnen Sie es bitte noch in Gegenwart des Spediteurs oder lassen Sie es gleich wieder zur\u00fccksenden.<\/p>\n<p><strong> Abholung<\/strong><\/p>\n<p>Kostenfrei k\u00f6nnen die erworbenen St\u00fccke nach Vereinbarung (+43 650 941 64 77) abgeholt werden: Kunst.Lokal, <a href=\"https:\/\/goo.gl\/maps\/A6Psg\">Bischof Berthold Platz 3<\/a>, 2301 Gro\u00df-Enzersdorf oder\u00a0im Atelier <a href=\"https:\/\/goo.gl\/maps\/55EcX\">Schloss Sachsengang 2<\/a>, 2301 Oberhausen.<\/p>\n<p><strong>Reklamation &amp; R\u00fcckgabe<\/strong><\/p>\n<p>Sollte ein St\u00fcck nicht Ihren Vorstellungen entsprechen, so haben Sie die M\u00f6glichkeit das St\u00fcck im der Originalverpackung an KERAMIK-DESIGN Georg Niemann, Am Hof 3, 2301 Oberhausen zur\u00fcck zu senden. Sie erhalten den vollen Einkaufspreis (exkl. Porto) zur\u00fcck. F\u00fcr Reklamationen gelten die\u00a0Allgemeinen Gesch\u00e4ftsbedingungen.<\/p>\n<\/div><\/section><\/div>\n","protected":false},"excerpt":{"rendered":"","protected":false},"author":2,"featured_media":0,"parent":484,"menu_order":0,"comment_status":"closed","ping_status":"closed","template":"","meta":{"footnotes":""},"class_list":["post-1230","page","type-page","status-publish","hentry"],"_links":{"self":[{"href":"https:\/\/www.ceramic4you.com\/wp\/wp-json\/wp\/v2\/pages\/1230","targetHints":{"allow":["GET"]}}],"collection":[{"href":"https:\/\/www.ceramic4you.com\/wp\/wp-json\/wp\/v2\/pages"}],"about":[{"href":"https:\/\/www.ceramic4you.com\/wp\/wp-json\/wp\/v2\/types\/page"}],"author":[{"embeddable":true,"href":"https:\/\/www.ceramic4you.com\/wp\/wp-json\/wp\/v2\/users\/2"}],"replies":[{"embeddable":true,"href":"https:\/\/www.ceramic4you.com\/wp\/wp-json\/wp\/v2\/comments?post=1230"}],"version-history":[{"count":4,"href":"https:\/\/www.ceramic4you.com\/wp\/wp-json\/wp\/v2\/pages\/1230\/revisions"}],"predecessor-version":[{"id":1243,"href":"https:\/\/www.ceramic4you.com\/wp\/wp-json\/wp\/v2\/pages\/1230\/revisions\/1243"}],"up":[{"embeddable":true,"href":"https:\/\/www.ceramic4you.com\/wp\/wp-json\/wp\/v2\/pages\/484"}],"wp:attachment":[{"href":"https:\/\/www.ceramic4you.com\/wp\/wp-json\/wp\/v2\/media?parent=1230"}],"curies":[{"name":"wp","href":"https:\/\/api.w.org\/{rel}","templated":true}]}}