{"id":1422,"date":"2014-11-23T10:08:55","date_gmt":"2014-11-23T09:08:55","guid":{"rendered":"http:\/\/www.ceramic4you.com\/wp\/?post_type=product&#038;p=1422"},"modified":"2024-06-04T11:55:23","modified_gmt":"2024-06-04T09:55:23","slug":"vegilight-artischocke-windlicht","status":"publish","type":"product","link":"https:\/\/www.ceramic4you.com\/wp\/produkt\/vegilight-artischocke-windlicht\/","title":{"rendered":"Vegilight  ARTISCHOCKE (Windlicht)"},"content":{"rendered":"<p><b>VEGILIGHT<\/b><\/p>\n<p>Vegilight ist bildh\u00fcbsch, aus hauchd\u00fcnnem Porzellan (<span style=\"color: #ff6600;\">neue Porzellanmasse, jetzt noch transparenter und wei\u00dfer!<\/span>) gefertigt und bei 1280\u00b0C dicht, aber gleichzeitig transparent gebrannt. Ein gew\u00f6hnliches Teelicht l\u00e4sst das Vegilight zart schimmern. Es eignet sich vielf\u00e4ltig: Zum Beispiel als Tischschmuck, als Windlicht, ins Fenster gestellt&#8230;.<br \/>\nEin St\u00fcck aus einem edlen Werkstoff, zu jeder Jahreszeit passend und lange Freude bereitend.<br \/>\nSollte es einmal nicht mehr so strahlend, wie am Anfang sein, so kann es einfach im Geschirrsp\u00fcler gewaschen werden.<\/p>\n","protected":false},"excerpt":{"rendered":"<p><b>VEGILIGHT<\/b><span class=\"Apple-converted-space\">\u00a0<\/span><\/p>\n<p>&#8211; das WINDLICHT aus der Keramikwerkstatt Georg Niemann<\/p>\n<p>Das Vegilight<span class=\"Apple-converted-space\">\u00a0 <\/span>ARTISCHOCKE<span class=\"Apple-converted-space\">\u00a0<\/span><\/p>\n<p>Vegilight ist bildh\u00fcbsch, aus hauchd\u00fcnnem Porzellan gefertigt und bei 1280\u00b0C dicht, aber gleichzeitig transparent gebrannt. Ein gew\u00f6hnliches Teelicht l\u00e4sst das Vegilight zart schimmern. Es eignet sich vielf\u00e4ltig: Zum Beispiel als Tischschmuck, als Windlicht, ins Fenster gestellt&#8230;.<\/p>\n<p>Ein St\u00fcck aus einem edlen Werkstoff, zu jeder Jahreszeit passend und lange Freude bereitend.<span class=\"Apple-converted-space\">\u00a0<\/span><\/p>\n<p>Sollte es einmal nicht mehr so strahlend, wie am Anfang sein, so kann es einfach im Geschirrsp\u00fcler gewaschen werden.<\/p>\n","protected":false},"featured_media":4561,"comment_status":"closed","ping_status":"closed","template":"","meta":[],"product_brand":[],"product_cat":[82,80,81],"product_tag":[],"class_list":{"0":"post-1422","1":"product","2":"type-product","3":"status-publish","4":"has-post-thumbnail","6":"product_cat-geschenke-fuer-jeden-anlas","7":"product_cat-keramik-fuer-das-haus","8":"product_cat-keramik-fuer-den-garten","9":"product_shipping_class-s","11":"first","12":"instock","13":"shipping-taxable","14":"purchasable","15":"product-type-simple"},"_links":{"self":[{"href":"https:\/\/www.ceramic4you.com\/wp\/wp-json\/wp\/v2\/product\/1422","targetHints":{"allow":["GET"]}}],"collection":[{"href":"https:\/\/www.ceramic4you.com\/wp\/wp-json\/wp\/v2\/product"}],"about":[{"href":"https:\/\/www.ceramic4you.com\/wp\/wp-json\/wp\/v2\/types\/product"}],"replies":[{"embeddable":true,"href":"https:\/\/www.ceramic4you.com\/wp\/wp-json\/wp\/v2\/comments?post=1422"}],"wp:featuredmedia":[{"embeddable":true,"href":"https:\/\/www.ceramic4you.com\/wp\/wp-json\/wp\/v2\/media\/4561"}],"wp:attachment":[{"href":"https:\/\/www.ceramic4you.com\/wp\/wp-json\/wp\/v2\/media?parent=1422"}],"wp:term":[{"taxonomy":"product_brand","embeddable":true,"href":"https:\/\/www.ceramic4you.com\/wp\/wp-json\/wp\/v2\/product_brand?post=1422"},{"taxonomy":"product_cat","embeddable":true,"href":"https:\/\/www.ceramic4you.com\/wp\/wp-json\/wp\/v2\/product_cat?post=1422"},{"taxonomy":"product_tag","embeddable":true,"href":"https:\/\/www.ceramic4you.com\/wp\/wp-json\/wp\/v2\/product_tag?post=1422"}],"curies":[{"name":"wp","href":"https:\/\/api.w.org\/{rel}","templated":true}]}}