{"id":2403,"date":"2022-11-29T08:02:24","date_gmt":"2022-11-29T07:02:24","guid":{"rendered":"http:\/\/www.ceramic4you.com\/wp\/produkt\/gutschein-fuer-tischlein-deck-dich\/"},"modified":"2025-11-10T22:12:30","modified_gmt":"2025-11-10T21:12:30","slug":"steinzeug-porzellan","status":"publish","type":"product","link":"https:\/\/www.ceramic4you.com\/wp\/produkt\/steinzeug-porzellan\/","title":{"rendered":"Tischlein deck dich 21. Februar 2026"},"content":{"rendered":"<div class=\"flex_column av_one_full first avia-builder-el-0 el_before_av_one_half avia-builder-el-first \">\n<section class=\"av_textblock_section\">\n<div class=\"avia_textblock \">\n<p><span class=\"Normal14\" lang=\"de\">Ein Gutschein f\u00fcr einen Kurs\u00a0<\/span>zum Thema: Tischlein deck dich<\/p>\n<p>Alles zum Thema Tischkultur: H\u00e4ferln, Teller, Schalen, Servierplatten, Serviettenringe\u2026.. und vieles mehr kann in diesem Kurs gemacht werden. Zur Anwendung kommt Steinzeugton und Porzellan. Die im Kurs entstandenen St\u00fccke k\u00f6nnen im Kurs Dekor &amp; Oberfl\u00e4che fertig gestellt werden und entsprechen nach dem Brand den Anforderungen von hochwertigem Geschirr.<\/p>\n<p>Nach dem Eingang des offenen Betrags wird ein eMail mit\u00a0dem Gutschein\u00a0zugesendet.<\/p>\n<\/div>\n<p>weitere Informationen:\u00a0<a href=\"https:\/\/www.ceramic4you.com\/wp\/kurse-2\/#tischlein\">www.ceramic4you.com<\/a><\/p>\n<\/section>\n<\/div>\n","protected":false},"excerpt":{"rendered":"<p><span class=\"Normal14\" lang=\"de\">Kurs\u00a0<\/span>zum Thema Tischkultur<\/p>\n","protected":false},"featured_media":3902,"comment_status":"closed","ping_status":"closed","template":"","meta":[],"product_brand":[],"product_cat":[94],"product_tag":[],"class_list":{"0":"post-2403","1":"product","2":"type-product","3":"status-publish","4":"has-post-thumbnail","6":"product_cat-kurse-2","8":"first","9":"instock","10":"virtual","11":"purchasable","12":"product-type-simple"},"_links":{"self":[{"href":"https:\/\/www.ceramic4you.com\/wp\/wp-json\/wp\/v2\/product\/2403","targetHints":{"allow":["GET"]}}],"collection":[{"href":"https:\/\/www.ceramic4you.com\/wp\/wp-json\/wp\/v2\/product"}],"about":[{"href":"https:\/\/www.ceramic4you.com\/wp\/wp-json\/wp\/v2\/types\/product"}],"replies":[{"embeddable":true,"href":"https:\/\/www.ceramic4you.com\/wp\/wp-json\/wp\/v2\/comments?post=2403"}],"wp:featuredmedia":[{"embeddable":true,"href":"https:\/\/www.ceramic4you.com\/wp\/wp-json\/wp\/v2\/media\/3902"}],"wp:attachment":[{"href":"https:\/\/www.ceramic4you.com\/wp\/wp-json\/wp\/v2\/media?parent=2403"}],"wp:term":[{"taxonomy":"product_brand","embeddable":true,"href":"https:\/\/www.ceramic4you.com\/wp\/wp-json\/wp\/v2\/product_brand?post=2403"},{"taxonomy":"product_cat","embeddable":true,"href":"https:\/\/www.ceramic4you.com\/wp\/wp-json\/wp\/v2\/product_cat?post=2403"},{"taxonomy":"product_tag","embeddable":true,"href":"https:\/\/www.ceramic4you.com\/wp\/wp-json\/wp\/v2\/product_tag?post=2403"}],"curies":[{"name":"wp","href":"https:\/\/api.w.org\/{rel}","templated":true}]}}