{"id":3067,"date":"2018-04-26T14:48:17","date_gmt":"2018-04-26T13:48:17","guid":{"rendered":"http:\/\/www.ceramic4you.com\/wp\/?post_type=product&#038;p=3067"},"modified":"2021-05-07T11:17:40","modified_gmt":"2021-05-07T10:17:40","slug":"raku-vase-kopie-kopie","status":"publish","type":"product","link":"https:\/\/www.ceramic4you.com\/wp\/produkt\/raku-vase-kopie-kopie\/","title":{"rendered":"Raku-Vase"},"content":{"rendered":"<p>Die urspr\u00fcngliche Sch\u00f6nheit und Nat\u00fcrlichkeit der Rakuvasen ergibt sich aus dem Zusammenspiel der Strenge der Form und der ungest\u00fcmen, unberechenbaren Kraft des Feuers. Hitze welche die St\u00fccke zum Gl\u00fchen bringt und eine sehr rasche Abk\u00fchlung malen zauberhafte, einzigartige\u00a0 Muster in die Glasuren der Keramik.<\/p>\n","protected":false},"excerpt":{"rendered":"<p>Die urspr\u00fcngliche Sch\u00f6nheit und Nat\u00fcrlichkeit der Rakuvasen ergibt sich aus dem Zusammenspiel der Strenge der Form und der ungest\u00fcmen, unberechenbaren Kraft des Feuers. Hitze welche die St\u00fccke zum Gl\u00fchen bringt und eine sehr rasche Abk\u00fchlung malen zauberhafte, einzigartige\u00a0 Muster in die Glasuren der Keramik.<\/p>\n","protected":false},"featured_media":3028,"comment_status":"closed","ping_status":"closed","template":"","meta":[],"product_brand":[],"product_cat":[80],"product_tag":[],"class_list":{"0":"post-3067","1":"product","2":"type-product","3":"status-publish","4":"has-post-thumbnail","6":"product_cat-keramik-fuer-das-haus","7":"product_shipping_class-m","9":"first","10":"instock","11":"shipping-taxable","12":"purchasable","13":"product-type-simple"},"_links":{"self":[{"href":"https:\/\/www.ceramic4you.com\/wp\/wp-json\/wp\/v2\/product\/3067","targetHints":{"allow":["GET"]}}],"collection":[{"href":"https:\/\/www.ceramic4you.com\/wp\/wp-json\/wp\/v2\/product"}],"about":[{"href":"https:\/\/www.ceramic4you.com\/wp\/wp-json\/wp\/v2\/types\/product"}],"replies":[{"embeddable":true,"href":"https:\/\/www.ceramic4you.com\/wp\/wp-json\/wp\/v2\/comments?post=3067"}],"wp:featuredmedia":[{"embeddable":true,"href":"https:\/\/www.ceramic4you.com\/wp\/wp-json\/wp\/v2\/media\/3028"}],"wp:attachment":[{"href":"https:\/\/www.ceramic4you.com\/wp\/wp-json\/wp\/v2\/media?parent=3067"}],"wp:term":[{"taxonomy":"product_brand","embeddable":true,"href":"https:\/\/www.ceramic4you.com\/wp\/wp-json\/wp\/v2\/product_brand?post=3067"},{"taxonomy":"product_cat","embeddable":true,"href":"https:\/\/www.ceramic4you.com\/wp\/wp-json\/wp\/v2\/product_cat?post=3067"},{"taxonomy":"product_tag","embeddable":true,"href":"https:\/\/www.ceramic4you.com\/wp\/wp-json\/wp\/v2\/product_tag?post=3067"}],"curies":[{"name":"wp","href":"https:\/\/api.w.org\/{rel}","templated":true}]}}