{"id":4469,"date":"2020-11-16T21:46:35","date_gmt":"2020-11-16T20:46:35","guid":{"rendered":"https:\/\/www.ceramic4you.com\/wp\/?post_type=product&#038;p=4469"},"modified":"2020-12-10T21:30:16","modified_gmt":"2020-12-10T20:30:16","slug":"gaertopf","status":"publish","type":"product","link":"https:\/\/www.ceramic4you.com\/wp\/produkt\/gaertopf\/","title":{"rendered":"G\u00e4rtopf"},"content":{"rendered":"<p>Der G\u00e4rtopf 4,5 Liter<\/p>\n<p>Der G\u00e4rtopf besteht aus dicht gebranntem Steinzeug. Durch die mit Wasser gef\u00fcllte Rinne am oberen Rand des Gef\u00e4\u00dfes in die der Deckel gesetzt wird, k\u00f6nnen G\u00e4rgase nach au\u00dfen entweichen. Schlechte Bakterien und Verschmutzungen aber nicht in das Gef\u00e4\u00df gelangen. Geeignet zur Fermentation von Kimchi, Sauerkraut, Salzgurken und aller Art von Gem\u00fcse.<\/p>\n<p>Abmessungen: D: 18,5 cm H: 25,5 cm<\/p>\n","protected":false},"excerpt":{"rendered":"<p>G\u00e4rtopf 4,5 l zum fermentieren von Gem\u00fcse<\/p>\n","protected":false},"featured_media":4564,"comment_status":"closed","ping_status":"closed","template":"","meta":[],"product_brand":[],"product_cat":[80],"product_tag":[],"class_list":{"0":"post-4469","1":"product","2":"type-product","3":"status-publish","4":"has-post-thumbnail","6":"product_cat-keramik-fuer-das-haus","8":"first","9":"instock","10":"shipping-taxable","11":"purchasable","12":"product-type-simple"},"_links":{"self":[{"href":"https:\/\/www.ceramic4you.com\/wp\/wp-json\/wp\/v2\/product\/4469","targetHints":{"allow":["GET"]}}],"collection":[{"href":"https:\/\/www.ceramic4you.com\/wp\/wp-json\/wp\/v2\/product"}],"about":[{"href":"https:\/\/www.ceramic4you.com\/wp\/wp-json\/wp\/v2\/types\/product"}],"replies":[{"embeddable":true,"href":"https:\/\/www.ceramic4you.com\/wp\/wp-json\/wp\/v2\/comments?post=4469"}],"wp:featuredmedia":[{"embeddable":true,"href":"https:\/\/www.ceramic4you.com\/wp\/wp-json\/wp\/v2\/media\/4564"}],"wp:attachment":[{"href":"https:\/\/www.ceramic4you.com\/wp\/wp-json\/wp\/v2\/media?parent=4469"}],"wp:term":[{"taxonomy":"product_brand","embeddable":true,"href":"https:\/\/www.ceramic4you.com\/wp\/wp-json\/wp\/v2\/product_brand?post=4469"},{"taxonomy":"product_cat","embeddable":true,"href":"https:\/\/www.ceramic4you.com\/wp\/wp-json\/wp\/v2\/product_cat?post=4469"},{"taxonomy":"product_tag","embeddable":true,"href":"https:\/\/www.ceramic4you.com\/wp\/wp-json\/wp\/v2\/product_tag?post=4469"}],"curies":[{"name":"wp","href":"https:\/\/api.w.org\/{rel}","templated":true}]}}