{"id":4576,"date":"2020-12-01T22:32:59","date_gmt":"2020-12-01T21:32:59","guid":{"rendered":"https:\/\/www.ceramic4you.com\/wp\/?post_type=product&#038;p=4576"},"modified":"2023-01-11T21:56:56","modified_gmt":"2023-01-11T20:56:56","slug":"karpfen","status":"publish","type":"product","link":"https:\/\/www.ceramic4you.com\/wp\/produkt\/karpfen\/","title":{"rendered":"Karpfen"},"content":{"rendered":"<p>Dieser wundersch\u00f6nen Karpfen wurde von einen echten Karpfen abgenommen, er besteht aus hochgebrannten Steinzeug und ist dadurch frostbest\u00e4ndig. Auf diese Art ziert er den Garten das ganze Jahr lang. Durch die spezielle Glasur erh\u00e4lt der Fisch sein besonders nat\u00fcrliches Aussehen. (Das<span class=\"Apple-converted-space\">\u00a0 <\/span>sch\u00f6ne Tier wurde zur Verf\u00fcgung gestellt durch das Fischrestaurant Uferhaus).<\/p>\n","protected":false},"excerpt":{"rendered":"<p>Ein Karpfen wie echt<\/p>\n","protected":false},"featured_media":4580,"comment_status":"closed","ping_status":"closed","template":"","meta":[],"product_brand":[],"product_cat":[81,274],"product_tag":[],"class_list":{"0":"post-4576","1":"product","2":"type-product","3":"status-publish","4":"has-post-thumbnail","6":"product_cat-keramik-fuer-den-garten","7":"product_cat-rosenkugel","8":"product_shipping_class-m","10":"first","11":"outofstock","12":"shipping-taxable","13":"purchasable","14":"product-type-simple"},"_links":{"self":[{"href":"https:\/\/www.ceramic4you.com\/wp\/wp-json\/wp\/v2\/product\/4576","targetHints":{"allow":["GET"]}}],"collection":[{"href":"https:\/\/www.ceramic4you.com\/wp\/wp-json\/wp\/v2\/product"}],"about":[{"href":"https:\/\/www.ceramic4you.com\/wp\/wp-json\/wp\/v2\/types\/product"}],"replies":[{"embeddable":true,"href":"https:\/\/www.ceramic4you.com\/wp\/wp-json\/wp\/v2\/comments?post=4576"}],"wp:featuredmedia":[{"embeddable":true,"href":"https:\/\/www.ceramic4you.com\/wp\/wp-json\/wp\/v2\/media\/4580"}],"wp:attachment":[{"href":"https:\/\/www.ceramic4you.com\/wp\/wp-json\/wp\/v2\/media?parent=4576"}],"wp:term":[{"taxonomy":"product_brand","embeddable":true,"href":"https:\/\/www.ceramic4you.com\/wp\/wp-json\/wp\/v2\/product_brand?post=4576"},{"taxonomy":"product_cat","embeddable":true,"href":"https:\/\/www.ceramic4you.com\/wp\/wp-json\/wp\/v2\/product_cat?post=4576"},{"taxonomy":"product_tag","embeddable":true,"href":"https:\/\/www.ceramic4you.com\/wp\/wp-json\/wp\/v2\/product_tag?post=4576"}],"curies":[{"name":"wp","href":"https:\/\/api.w.org\/{rel}","templated":true}]}}