{"id":5726,"date":"2024-06-07T19:23:35","date_gmt":"2024-06-07T17:23:35","guid":{"rendered":"https:\/\/www.ceramic4you.com\/wp\/?post_type=product&#038;p=5726"},"modified":"2024-06-15T16:56:12","modified_gmt":"2024-06-15T14:56:12","slug":"zipfeldose","status":"publish","type":"product","link":"https:\/\/www.ceramic4you.com\/wp\/produkt\/zipfeldose\/","title":{"rendered":"Zipfeldose"},"content":{"rendered":"<p>Diese Dosen sind inzwischen ein Klassiker in meiner Produkt-Palette. Dekorativ und n\u00fctzlich, eignen sie sich hervorragend dazu Schreibtische, Nachtk\u00e4stchen, Kommoden etc. von herumliegenden Kleinzeug frei zu halten. Durch die Brenntechnik Raku ist jedes St\u00fcck ein Unikat und ein echter Blickfang.<\/p>\n","protected":false},"excerpt":{"rendered":"<p>Die Zipfeldose ist nicht nur praktisch sondern auch\u00a0sehr dekorativ<\/p>\n","protected":false},"featured_media":5719,"comment_status":"closed","ping_status":"closed","template":"","meta":[],"product_brand":[],"product_cat":[82,80],"product_tag":[],"class_list":{"0":"post-5726","1":"product","2":"type-product","3":"status-publish","4":"has-post-thumbnail","6":"product_cat-geschenke-fuer-jeden-anlas","7":"product_cat-keramik-fuer-das-haus","8":"product_shipping_class-s","9":"pa_farbe-blau","10":"pa_farbe-gruen","11":"pa_farbe-orang","12":"pa_farbe-rot","13":"pa_farbe-tuerkis","14":"pa_farbe-weiss","16":"first","17":"instock","18":"sold-individually","19":"shipping-taxable","20":"purchasable","21":"product-type-simple"},"_links":{"self":[{"href":"https:\/\/www.ceramic4you.com\/wp\/wp-json\/wp\/v2\/product\/5726","targetHints":{"allow":["GET"]}}],"collection":[{"href":"https:\/\/www.ceramic4you.com\/wp\/wp-json\/wp\/v2\/product"}],"about":[{"href":"https:\/\/www.ceramic4you.com\/wp\/wp-json\/wp\/v2\/types\/product"}],"replies":[{"embeddable":true,"href":"https:\/\/www.ceramic4you.com\/wp\/wp-json\/wp\/v2\/comments?post=5726"}],"wp:featuredmedia":[{"embeddable":true,"href":"https:\/\/www.ceramic4you.com\/wp\/wp-json\/wp\/v2\/media\/5719"}],"wp:attachment":[{"href":"https:\/\/www.ceramic4you.com\/wp\/wp-json\/wp\/v2\/media?parent=5726"}],"wp:term":[{"taxonomy":"product_brand","embeddable":true,"href":"https:\/\/www.ceramic4you.com\/wp\/wp-json\/wp\/v2\/product_brand?post=5726"},{"taxonomy":"product_cat","embeddable":true,"href":"https:\/\/www.ceramic4you.com\/wp\/wp-json\/wp\/v2\/product_cat?post=5726"},{"taxonomy":"product_tag","embeddable":true,"href":"https:\/\/www.ceramic4you.com\/wp\/wp-json\/wp\/v2\/product_tag?post=5726"}],"curies":[{"name":"wp","href":"https:\/\/api.w.org\/{rel}","templated":true}]}}